{"id":1413,"date":"2025-07-12T12:01:31","date_gmt":"2025-07-12T12:01:31","guid":{"rendered":"https:\/\/postsovietleft.org\/spenden\/"},"modified":"2025-07-12T12:01:31","modified_gmt":"2025-07-12T12:01:31","slug":"spenden","status":"publish","type":"page","link":"https:\/\/postsovietleft.org\/de\/spenden\/","title":{"rendered":"Spenden"},"content":{"rendered":"\n<p>Eure Unterst\u00fctzung hilft uns, unsere unabh\u00e4ngige Arbeit fortzusetzen.<\/p>\n\n\n\n<p>Aktuell sammeln wir Mittel f\u00fcr:<\/p>\n\n\n\n<ul class=\"wp-block-list\">\n<li><strong>die Organisation von Veranstaltungen<\/strong> (Raummiete, Transport, Technik)<\/li>\n\n\n\n<li><strong>Bildungs- und Basisarbeit<\/strong><\/li>\n\n\n\n<li><strong>die Ver\u00f6ffentlichung und Verbreitung von Materialien<\/strong><\/li>\n<\/ul>\n\n\n\n<p>Zurzeit bereiten wir eine neue Brosch\u00fcre zum Thema politische Gefangene vor.<br>Ein Teil der Mittel flie\u00dft in die Druckkosten und weitere notwendige Ausgaben.<\/p>\n\n\n\n<p>Eure Unterst\u00fctzung h\u00e4lt uns am Laufen. Vielen Dank! <\/p>\n\n\n\n<p class=\"has-large-font-size\"><strong>Kryptow\u00e4hrung<\/strong><\/p>\n\n\n\n<p>Derzeit k\u00f6nnen wir nur Beitr\u00e4ge in Kryptow\u00e4hrung annehmen \u2013 wir arbeiten jedoch daran, weitere Zahlungsm\u00f6glichkeiten bereitzustellen.<\/p>\n\n\n\n<p><strong>USDT<\/strong>&nbsp;(Network: Tron, TRC20)<br><strong>Address<\/strong>: TJFbiPgQqgcJAS8mJtKQQb7QiQQVHgJ2Qm<\/p>\n\n\n\n<p><strong>USDC<\/strong>&nbsp;(Network: Binance Smart Chain, BEP20, contract address ends in&nbsp;<strong>d580d<\/strong>)<br>Address: 0x67c9E4710d74A3C1b813EbAfF4c29969B87a586c<\/p>\n\n\n\n<p><strong>USDT<\/strong>&nbsp;(Network: Binance Smart Chain, BEP20, contract address ends in&nbsp;<strong>97955<\/strong>)<br><strong>Address<\/strong>: 0x67c9E4710d74A3C1b813EbAfF4c29969B87a586c<\/p>\n\n\n\n<p><strong>Bitcoin (BTC)<\/strong>&nbsp;(Network: Binance Smart Chain, BEP20, contract address ends in&nbsp;<strong>Ead9c<\/strong>)<br><strong>Address<\/strong>: 0x67c9E4710d74A3C1b813EbAfF4c29969B87a586c<\/p>\n\n\n\n<p><strong>BNB<\/strong>&nbsp;(Network: Binance Smart Chain, BEP20)<br><strong>Address<\/strong>: 0x67c9E4710d74A3C1b813EbAfF4c29969B87a586c<\/p>\n\n\n\n<p><strong>Ethereum (ETH)<\/strong>&nbsp;(Network: Ethereum Mainnet)<br><strong>Address<\/strong>: 0x67c9E4710d74A3C1b813EbAfF4c29969B87a586c<\/p>\n\n\n\n<p><strong>Ethereum (ETH)<\/strong>&nbsp;(Network: Binance Smart Chain, BEP20, contract address ends in&nbsp;<strong>933F8<\/strong>)<br><strong>Address<\/strong>: 0x67c9E4710d74A3C1b813EbAfF4c29969B87a586c<\/p>\n\n\n\n<p><strong>Ethereum Classic (ETC)<\/strong>&nbsp;(Network: Binance Smart Chain, BEP20, contract address ends in&nbsp;<strong>3c25E<\/strong>)<br><strong>Address<\/strong>: 0x67c9E4710d74A3C1b813EbAfF4c29969B87a586c<\/p>\n\n\n\n<p><\/p>\n","protected":false},"excerpt":{"rendered":"<p>Eure Unterst\u00fctzung hilft uns, unsere unabh\u00e4ngige Arbeit fortzusetzen. Aktuell sammeln wir Mittel f\u00fcr: Zurzeit bereiten wir eine neue Brosch\u00fcre zum Thema politische Gefangene vor.Ein Teil der Mittel flie\u00dft in die Druckkosten und weitere notwendige Ausgaben. Eure Unterst\u00fctzung h\u00e4lt uns am Laufen. Vielen Dank! Kryptow\u00e4hrung Derzeit k\u00f6nnen wir nur Beitr\u00e4ge in Kryptow\u00e4hrung annehmen \u2013 wir arbeiten [&hellip;]<\/p>\n","protected":false},"author":1,"featured_media":0,"parent":0,"menu_order":0,"comment_status":"closed","ping_status":"closed","template":"","meta":{"_acf_changed":false,"footnotes":""},"class_list":["post-1413","page","type-page","status-publish","hentry"],"acf":[],"_links":{"self":[{"href":"https:\/\/postsovietleft.org\/de\/wp-json\/wp\/v2\/pages\/1413","targetHints":{"allow":["GET"]}}],"collection":[{"href":"https:\/\/postsovietleft.org\/de\/wp-json\/wp\/v2\/pages"}],"about":[{"href":"https:\/\/postsovietleft.org\/de\/wp-json\/wp\/v2\/types\/page"}],"author":[{"embeddable":true,"href":"https:\/\/postsovietleft.org\/de\/wp-json\/wp\/v2\/users\/1"}],"replies":[{"embeddable":true,"href":"https:\/\/postsovietleft.org\/de\/wp-json\/wp\/v2\/comments?post=1413"}],"version-history":[{"count":0,"href":"https:\/\/postsovietleft.org\/de\/wp-json\/wp\/v2\/pages\/1413\/revisions"}],"wp:attachment":[{"href":"https:\/\/postsovietleft.org\/de\/wp-json\/wp\/v2\/media?parent=1413"}],"curies":[{"name":"wp","href":"https:\/\/api.w.org\/{rel}","templated":true}]}}