{"id":167,"date":"2024-10-01T16:44:34","date_gmt":"2024-10-01T16:44:34","guid":{"rendered":"https:\/\/postsovietleft.org\/uber-uns\/"},"modified":"2025-04-23T16:20:35","modified_gmt":"2025-04-23T16:20:35","slug":"ueber-uns","status":"publish","type":"page","link":"https:\/\/postsovietleft.org\/de\/ueber-uns\/","title":{"rendered":"\u00dcber uns"},"content":{"rendered":"\n<p>Die B\u00fcndnis der Post-Sowjetischen Linken (PSL) ist eine Organisation von Emigranten aus Russland, der Ukraine, Wei\u00dfrussland und anderen postsowjetischen L\u00e4ndern. Wir vereinen diejenigen, die radikale sozialistische Ver\u00e4nderungen im postsowjetischen Raum anstreben und sich am Kampf f\u00fcr soziale Gerechtigkeit in den L\u00e4ndern, in denen sie leben, beteiligen.<\/p>\n\n\n\n<p>Unsere Werte sind der kompromisslose Kampf gegen den Krieg, die Ausbeutung des Menschen durch den Menschen und alle Formen der Diskriminierung, die Solidarit\u00e4t mit linken Bewegungen auf der ganzen Welt und die Einigung auf ein politisches Programm und nicht auf enge linke Identit\u00e4ten. Wir sind offen f\u00fcr alle, die unsere Ziele teilen und zum gemeinsamen Kampf bereit sind.<\/p>\n\n\n\n<p>Unsere Priorit\u00e4t ist der Aufbau einer starken Exilorganisation, die:<\/p>\n\n\n\n<ul class=\"wp-block-list\">\n<li>eine langfristige Arbeit leistet;<\/li>\n\n\n\n<li>politische Bildung betreibt und ein breites Publikum anspricht;<\/li>\n\n\n\n<li>eine aktive Rolle im politischen Kampf mit Verb\u00fcndeten anstrebt;<\/li>\n\n\n\n<li>auf demokratischen Prinzipien aufgebaut ist;<\/li>\n\n\n\n<li>die Meinungsvielfalt im Rahmen der Programmziele respektiert;<\/li>\n\n\n\n<li>die Entwicklung von Kollektiven und Zellen im gesamten Raum der Auswanderer.<\/li>\n<\/ul>\n\n\n\n<p>Dar\u00fcber hinaus arbeiten wir in den folgenden Bereichen:<\/p>\n\n\n\n<ul class=\"wp-block-list\">\n<li>Arbeit und gewerkschaftliche K\u00e4mpfe von Migranten;<\/li>\n\n\n\n<li>Hilfe und Unterst\u00fctzung f\u00fcr politische Gefangene, Fl\u00fcchtlinge und Migranten aus dem postsowjetischen Raum;<\/li>\n\n\n\n<li>Koordinierung der Bem\u00fchungen um einen demokratischen Frieden im Interesse der V\u00f6lker und nicht im Interesse der herrschenden Klassen;<\/li>\n\n\n\n<li>Organisation von politischen und solidarischen Kampagnen.<\/li>\n<\/ul>\n","protected":false},"excerpt":{"rendered":"<p>Die B\u00fcndnis der Post-Sowjetischen Linken (PSL) ist eine Organisation von Emigranten aus Russland, der Ukraine, Wei\u00dfrussland und anderen postsowjetischen L\u00e4ndern. Wir vereinen diejenigen, die radikale sozialistische Ver\u00e4nderungen im postsowjetischen Raum anstreben und sich am Kampf f\u00fcr soziale Gerechtigkeit in den L\u00e4ndern, in denen sie leben, beteiligen. Unsere Werte sind der kompromisslose Kampf gegen den Krieg, [&hellip;]<\/p>\n","protected":false},"author":1,"featured_media":0,"parent":0,"menu_order":0,"comment_status":"closed","ping_status":"open","template":"","meta":{"_acf_changed":false,"footnotes":""},"class_list":["post-167","page","type-page","status-publish","hentry"],"acf":[],"_links":{"self":[{"href":"https:\/\/postsovietleft.org\/de\/wp-json\/wp\/v2\/pages\/167","targetHints":{"allow":["GET"]}}],"collection":[{"href":"https:\/\/postsovietleft.org\/de\/wp-json\/wp\/v2\/pages"}],"about":[{"href":"https:\/\/postsovietleft.org\/de\/wp-json\/wp\/v2\/types\/page"}],"author":[{"embeddable":true,"href":"https:\/\/postsovietleft.org\/de\/wp-json\/wp\/v2\/users\/1"}],"replies":[{"embeddable":true,"href":"https:\/\/postsovietleft.org\/de\/wp-json\/wp\/v2\/comments?post=167"}],"version-history":[{"count":4,"href":"https:\/\/postsovietleft.org\/de\/wp-json\/wp\/v2\/pages\/167\/revisions"}],"predecessor-version":[{"id":1182,"href":"https:\/\/postsovietleft.org\/de\/wp-json\/wp\/v2\/pages\/167\/revisions\/1182"}],"wp:attachment":[{"href":"https:\/\/postsovietleft.org\/de\/wp-json\/wp\/v2\/media?parent=167"}],"curies":[{"name":"wp","href":"https:\/\/api.w.org\/{rel}","templated":true}]}}